{"id":368,"date":"2024-06-29T19:11:03","date_gmt":"2024-06-29T19:11:03","guid":{"rendered":"https:\/\/pulsealign.clinic\/conditions-generales-dutilisation"},"modified":"2024-06-29T19:11:03","modified_gmt":"2024-06-29T19:11:03","slug":"conditions-generales-dutilisation","status":"publish","type":"page","link":"https:\/\/www.pulsealign.clinic\/fr\/conditions-generales-dutilisation","title":{"rendered":"Conditions g\u00e9n\u00e9rales d&rsquo;utilisation"},"content":{"rendered":"<h1>Conditions g\u00e9n\u00e9rales d&rsquo;utilisation<\/h1>\n<h2><\/h2>\n<h2><strong>Nous valorisons la transparence<\/strong><\/h2>\n<p>  Notre objectif est d&rsquo;assurer la clart\u00e9 et de favoriser une relation positive.  &nbsp;<\/p>\n<h2><strong>Accord de base<\/strong><\/h2>\n<p>  En utilisant l&rsquo;application PulseAlign et les services en ligne (le \u00ab\u00a0Service\u00a0\u00bb), vous acceptez les conditions juridiques \u00e9nonc\u00e9es dans les pr\u00e9sentes Conditions de service.<br \/>\nSi vous n&rsquo;\u00eates pas d&rsquo;accord avec l&rsquo;une des conditions, vous devez vous abstenir d&rsquo;utiliser le service.<br \/>\nPulseAlign se r\u00e9serve le droit de mettre \u00e0 jour les pr\u00e9sentes Conditions d&rsquo;utilisation sans pr\u00e9avis.<br \/>\nIl est de votre responsabilit\u00e9 de revoir r\u00e9guli\u00e8rement ces conditions.<br \/>\nLa poursuite de l&rsquo;utilisation du service apr\u00e8s toute mise \u00e0 jour constitue l&rsquo;acceptation des conditions modifi\u00e9es.      &nbsp;<\/p>\n<h2><strong>Clause de non-responsabilit\u00e9<\/strong><\/h2>\n<p>  PulseAlign n&rsquo;est pas responsable du contenu inexact publi\u00e9 sur le Site ou le Service.<br \/>\nLe Service peut \u00eatre temporairement indisponible pour des raisons de maintenance.<br \/>\nPulseAlign ne garantit pas un service ininterrompu, s\u00e9curis\u00e9 ou sans erreur.<br \/>\nNous ne garantissons pas de r\u00e9sultats sp\u00e9cifiques suite \u00e0 l&rsquo;utilisation du Service et d\u00e9clinons toute garantie.<br \/>\nPulseAlign n&rsquo;est pas responsable des dysfonctionnements techniques ou des dommages r\u00e9sultant de l&rsquo;utilisation du Service.      &nbsp;<\/p>\n<h2><strong>S\u00e9curit\u00e9<\/strong><\/h2>\n<p>  Bien que nous nous efforcions de maintenir un environnement s\u00e9curis\u00e9, une s\u00e9curit\u00e9 absolue ne peut \u00eatre garantie.<br \/>\nVotre coop\u00e9ration est essentielle au maintien de la s\u00e9curit\u00e9 en suivant ces lignes directrices :   <\/p>\n<ul>\n<li>N&rsquo;utilisez pas PulseAlign pour des communications commerciales non autoris\u00e9es ou du spam.<\/li>\n<li>Ne vous engagez pas dans des syst\u00e8mes pyramidaux ou des activit\u00e9s similaires.<\/li>\n<li>Ne t\u00e9l\u00e9chargez pas de virus ou de code malveillant.<\/li>\n<li>Ne sollicitez pas d&rsquo;informations de connexion et n&rsquo;acc\u00e9dez pas aux comptes d&rsquo;autres personnes.<\/li>\n<li>Ne pas harceler ou intimider les autres utilisateurs.<\/li>\n<li>Ne publiez pas de contenu incitant \u00e0 la haine, \u00e0 la violence ou contenant du mat\u00e9riel explicite.<\/li>\n<li>Ne d\u00e9veloppez pas d&rsquo;applications au contenu mature sans restrictions appropri\u00e9es.<\/li>\n<\/ul>\n<p>&nbsp;<\/p>\n<h2><strong>Bande passante et h\u00e9bergement<\/strong><\/h2>\n<p>  PulseAlign fait appel \u00e0 des fournisseurs tiers pour la technologie et l&rsquo;infrastructure n\u00e9cessaires.<br \/>\nNous nous r\u00e9servons le droit de limiter la bande passante si l&rsquo;utilisation d\u00e9passe de mani\u00e8re significative les niveaux normaux.   &nbsp;<\/p>\n<h2><strong>Enregistrement des clients et s\u00e9curit\u00e9 des comptes<\/strong><\/h2>\n<p>  Les utilisateurs doivent fournir des informations exactes.<br \/>\nLes titulaires de compte sont responsables du maintien de la s\u00e9curit\u00e9 de leur compte et du respect de la vie priv\u00e9e des utilisateurs.   &nbsp;<\/p>\n<h2><strong>Prot\u00e9ger les droits<\/strong><\/h2>\n<p>  Respectez les droits d&rsquo;autrui lorsque vous utilisez PulseAlign.<br \/>\nNe publiez pas de contenu qui porte atteinte aux droits d&rsquo;autrui ou qui enfreint la loi.   &nbsp;<\/p>\n<h2><strong>Frais, facturation, taxes et politique de remboursement<\/strong><\/h2>\n<p>  Vous acceptez de payer les frais applicables aux services tels que d\u00e9crits.<br \/>\nLes frais peuvent varier en fonction du lieu et ne sont pas remboursables, sauf indication contraire.   &nbsp;<\/p>\n<h2><strong>Annulation du compte<\/strong><\/h2>\n<p>  Si votre compte est supprim\u00e9, vous n&rsquo;y avez plus acc\u00e8s et toutes les donn\u00e9es qui y sont associ\u00e9es peuvent \u00eatre supprim\u00e9es.  <\/p>\n<h2><\/h2>\n<h2><strong>Modifications des services et des prix<\/strong><\/h2>\n<p>  PulseAlign peut modifier ou interrompre certaines parties du service \u00e0 tout moment.<br \/>\nLes prix peuvent \u00eatre modifi\u00e9s sans pr\u00e9avis.   &nbsp;<\/p>\n<h2><strong>Service client\u00e8le<\/strong><\/h2>\n<p>  Vous \u00eates responsable de vos propres politiques de service \u00e0 la client\u00e8le et des probl\u00e8mes li\u00e9s \u00e0 vos services.  &nbsp;<\/p>\n<h2><strong>Les litiges<\/strong><\/h2>\n<p>  Contactez le service d&rsquo;assistance de PulseAlign pour r\u00e9soudre rapidement les litiges.  &nbsp;<\/p>\n<h2><strong>Cessation d&rsquo;activit\u00e9<\/strong><\/h2>\n<p>  PulseAlign peut suspendre ou mettre fin au service en cas de violation des conditions ou de responsabilit\u00e9 juridique.  &nbsp;<\/p>\n<h2><strong>Autre<\/strong><\/h2>\n<p>  La pr\u00e9sente d\u00e9claration constitue l&rsquo;int\u00e9gralit\u00e9 de l&rsquo;accord entre les parties concernant PulseAlign.  &nbsp;<\/p>\n<h2><strong>Droit applicable<\/strong><\/h2>\n<p>  Les pr\u00e9sentes conditions sont r\u00e9gies par le droit panam\u00e9en et rel\u00e8vent de la comp\u00e9tence exclusive des tribunaux panam\u00e9ens.  &nbsp;<\/p>\n<h2><strong>Indemnisation<\/strong><\/h2>\n<p>  Vous acceptez d&rsquo;indemniser PulseAlign de toute r\u00e9clamation d\u00e9coulant de votre utilisation du Service en violation des pr\u00e9sentes Conditions.<\/p>\n","protected":false},"excerpt":{"rendered":"<p>Conditions g\u00e9n\u00e9rales d&rsquo;utilisation Nous valorisons la transparence Notre objectif est d&rsquo;assurer la clart\u00e9 et de favoriser une relation positive. &nbsp; Accord de base En utilisant l&rsquo;application<span class=\"excerpt-hellip\"> [\u2026]<\/span><\/p>\n","protected":false},"author":1,"featured_media":0,"parent":0,"menu_order":0,"comment_status":"closed","ping_status":"closed","template":"","meta":{"footnotes":""},"class_list":["post-368","page","type-page","status-publish","hentry"],"_links":{"self":[{"href":"https:\/\/www.pulsealign.clinic\/fr\/wp-json\/wp\/v2\/pages\/368","targetHints":{"allow":["GET"]}}],"collection":[{"href":"https:\/\/www.pulsealign.clinic\/fr\/wp-json\/wp\/v2\/pages"}],"about":[{"href":"https:\/\/www.pulsealign.clinic\/fr\/wp-json\/wp\/v2\/types\/page"}],"author":[{"embeddable":true,"href":"https:\/\/www.pulsealign.clinic\/fr\/wp-json\/wp\/v2\/users\/1"}],"replies":[{"embeddable":true,"href":"https:\/\/www.pulsealign.clinic\/fr\/wp-json\/wp\/v2\/comments?post=368"}],"version-history":[{"count":0,"href":"https:\/\/www.pulsealign.clinic\/fr\/wp-json\/wp\/v2\/pages\/368\/revisions"}],"wp:attachment":[{"href":"https:\/\/www.pulsealign.clinic\/fr\/wp-json\/wp\/v2\/media?parent=368"}],"curies":[{"name":"wp","href":"https:\/\/api.w.org\/{rel}","templated":true}]}}